{"id":428,"date":"2025-01-14T08:35:26","date_gmt":"2025-01-14T08:35:26","guid":{"rendered":"https:\/\/www.huisohardware.com\/?post_type=product&#038;p=428"},"modified":"2025-01-21T09:00:39","modified_gmt":"2025-01-21T09:00:39","slug":"wholesale-hinges-for-cabinets","status":"publish","type":"product","link":"https:\/\/www.huisohardware.com\/de\/product\/wholesale-hinges-for-cabinets\/","title":{"rendered":"Gro\u00dfhandel Scharniere f\u00fcr Schr\u00e4nke Silent Puffer frei Hover-HB5"},"content":{"rendered":"<h3 class=\"wp-block-heading\">Features and Benefits of Wholesale Hinges for Cabinets<\/h3>\n\n\n\n<div class=\"wp-block-columns is-layout-flex wp-container-core-columns-is-layout-9d6595d7 wp-block-columns-is-layout-flex\">\n<div class=\"wp-block-column is-layout-flow wp-block-column-is-layout-flow\">\n<p><strong>Anticorrosion and antirust: <\/strong>The technology of fine polishing has fierce resistance to corrosion and rust, does not fear a humid environment, and ensures the service life of products.<\/p>\n\n\n\n<p><br><strong>Stable loading and silent: <\/strong>The key parts are carburized with stable loading. The silent design, repeated expansion, and contraction are not easy to break and can easily support heavy doors.<\/p>\n\n\n\n<p><br><strong>Silent buffer: <\/strong>Silent buffer design avoids impact noise and provides a gentle and soft opening and closing experience. Quiet closing is more high-end. <\/p>\n\n\n\n<p><strong>Damper design: <\/strong>Using imported POM materials enables the press-in-designed damper to achieve a state of longevity, prolonging the buffering effective service life of the damping core and protecting the use experience.<\/p>\n\n\n\n<p><br><strong>High strength and durability: <\/strong>It guarantees that it will be smooth and durable for long-term use after repeated opening and closing tests of 80,000 times.<\/p>\n\n\n\n<p><br><strong>Precise fitting: <\/strong>When the door panel is closed, the required gap is only 0.8 mm; the installation is more tightly fitted, and the appearance is more beautiful and scratch-proof.<\/p>\n\n\n\n<p><br><strong>Three-stage, force-free suspension design: <\/strong>Achieve &lt;45 degrees of buffer closure and >45 degrees of free suspension with a wide range of applications, matching most cabinet needs.<\/p>\n\n\n\n<p><br><strong>Anti-squeeze protection:<\/strong> The 5-degree small-angle cushioning and soft closing provide additional safety protection, particularly applicable to the family environment.<\/p>\n<\/div>\n\n\n\n<div class=\"wp-block-column is-layout-flow wp-block-column-is-layout-flow\">\n<figure class=\"wp-block-image size-full\"><img decoding=\"async\" width=\"800\" height=\"800\" src=\"https:\/\/www.huisohardware.com\/wp-content\/uploads\/2025\/01\/Wholesale-Hinges-for-Cabinets-4.webp\" alt=\"Wholesale Hinges for Cabinets 4\" class=\"wp-image-432\" srcset=\"https:\/\/www.huisohardware.com\/wp-content\/uploads\/2025\/01\/Wholesale-Hinges-for-Cabinets-4.webp 800w, https:\/\/www.huisohardware.com\/wp-content\/uploads\/2025\/01\/Wholesale-Hinges-for-Cabinets-4-300x300.webp 300w, https:\/\/www.huisohardware.com\/wp-content\/uploads\/2025\/01\/Wholesale-Hinges-for-Cabinets-4-150x150.webp 150w, https:\/\/www.huisohardware.com\/wp-content\/uploads\/2025\/01\/Wholesale-Hinges-for-Cabinets-4-768x768.webp 768w, https:\/\/www.huisohardware.com\/wp-content\/uploads\/2025\/01\/Wholesale-Hinges-for-Cabinets-4-600x600.webp 600w, https:\/\/www.huisohardware.com\/wp-content\/uploads\/2025\/01\/Wholesale-Hinges-for-Cabinets-4-100x100.webp 100w\" sizes=\"(max-width: 800px) 100vw, 800px\" \/><\/figure>\n<\/div>\n<\/div>","protected":false},"excerpt":{"rendered":"<p>Unsere Gro\u00dfhandelsscharniere f\u00fcr Schr\u00e4nke sind aus ausgew\u00e4hltem 201 Edelstahl gefertigt, fein poliert, korrosionsbest\u00e4ndig und rostfrei, geeignet f\u00fcr eine Vielzahl von Schr\u00e4nken. Die leise Pufferfunktion erm\u00f6glicht ein sanftes \u00d6ffnen und Schlie\u00dfen. Freies Schweben bietet sanftes \u00d6ffnen und Schlie\u00dfen.<\/p>\n<h2>Spezifikationen f\u00fcr Scharniere f\u00fcr Schr\u00e4nke<\/h2>\n<table style=\"border-collapse: collapse; width: 388.02pt;\" border=\"0\" width=\"388\" cellspacing=\"0\" cellpadding=\"0\">\n<tbody>\n<tr style=\"height: 17.60pt;\">\n<td class=\"et2\" style=\"height: 17.60pt; width: 205.00pt;\" width=\"205\" height=\"17\">Hersteller<\/td>\n<td class=\"et2\" style=\"width: 183.30pt;\" width=\"183\">Huiso<\/td>\n<\/tr>\n<tr style=\"height: 17.60pt;\">\n<td class=\"et2\" style=\"height: 17.60pt;\" height=\"17\">Modell Nr.<\/td>\n<td class=\"et3\">HB5<\/td>\n<\/tr>\n<tr style=\"height: 18.00pt;\">\n<td class=\"et2\" style=\"height: 18.00pt;\" height=\"18\">Material<\/td>\n<td class=\"et2\">201 Rostfreier Stahl<\/td>\n<\/tr>\n<tr style=\"height: 17.60pt;\">\n<td class=\"et2\" style=\"height: 17.60pt;\" height=\"17\">Einbauverfahren<\/td>\n<td class=\"et3\">Feste Installation<\/td>\n<\/tr>\n<tr style=\"height: 17.60pt;\">\n<td class=\"et2\" style=\"height: 17.60pt;\" height=\"17\">Oberfl\u00e4chenbehandlung<\/td>\n<td class=\"et3\">Feinpolieren<\/td>\n<\/tr>\n<tr style=\"height: 17.60pt;\">\n<td class=\"et2\" style=\"height: 17.60pt;\" height=\"17\">\u00d6ffnungswinkel<\/td>\n<td class=\"et3\">45\u00b0~105\u00b0<\/td>\n<\/tr>\n<tr style=\"height: 17.60pt;\">\n<td class=\"et2\" style=\"height: 17.60pt;\" height=\"17\">Dicke der T\u00fcr<\/td>\n<td class=\"et2\">16-23mm<\/td>\n<\/tr>\n<tr style=\"height: 17.60pt;\">\n<td class=\"et2\" style=\"height: 17.60pt;\" height=\"17\">Erfahrung bei der Er\u00f6ffnung<\/td>\n<td class=\"et3\">Stufenloses, sanftes \u00d6ffnen und Schlie\u00dfen<\/td>\n<\/tr>\n<\/tbody>\n<\/table>","protected":false},"featured_media":430,"comment_status":"closed","ping_status":"closed","template":"","meta":{"_acf_changed":false},"product_brand":[],"product_cat":[19],"product_tag":[24],"class_list":{"0":"post-428","1":"product","2":"type-product","3":"status-publish","4":"has-post-thumbnail","6":"product_cat-cabinet-hinges-wholesale","7":"product_tag-stainless-steel-hinges-wholesale","9":"first","10":"instock","11":"shipping-taxable","12":"product-type-simple"},"acf":[],"_links":{"self":[{"href":"https:\/\/www.huisohardware.com\/de\/wp-json\/wp\/v2\/product\/428","targetHints":{"allow":["GET"]}}],"collection":[{"href":"https:\/\/www.huisohardware.com\/de\/wp-json\/wp\/v2\/product"}],"about":[{"href":"https:\/\/www.huisohardware.com\/de\/wp-json\/wp\/v2\/types\/product"}],"replies":[{"embeddable":true,"href":"https:\/\/www.huisohardware.com\/de\/wp-json\/wp\/v2\/comments?post=428"}],"wp:featuredmedia":[{"embeddable":true,"href":"https:\/\/www.huisohardware.com\/de\/wp-json\/wp\/v2\/media\/430"}],"wp:attachment":[{"href":"https:\/\/www.huisohardware.com\/de\/wp-json\/wp\/v2\/media?parent=428"}],"wp:term":[{"taxonomy":"product_brand","embeddable":true,"href":"https:\/\/www.huisohardware.com\/de\/wp-json\/wp\/v2\/product_brand?post=428"},{"taxonomy":"product_cat","embeddable":true,"href":"https:\/\/www.huisohardware.com\/de\/wp-json\/wp\/v2\/product_cat?post=428"},{"taxonomy":"product_tag","embeddable":true,"href":"https:\/\/www.huisohardware.com\/de\/wp-json\/wp\/v2\/product_tag?post=428"}],"curies":[{"name":"wp","href":"https:\/\/api.w.org\/{rel}","templated":true}]}}