{"id":591,"date":"2025-01-17T08:33:02","date_gmt":"2025-01-17T08:33:02","guid":{"rendered":"https:\/\/www.huisohardware.com\/?post_type=product&#038;p=591"},"modified":"2025-01-21T09:05:40","modified_gmt":"2025-01-21T09:05:40","slug":"wholesale-ball-bearing-slides","status":"publish","type":"product","link":"https:\/\/www.huisohardware.com\/de\/product\/wholesale-ball-bearing-slides\/","title":{"rendered":"Gro\u00dfhandel Kugellager gleitet 3-Fach-HS4512-Regular Style"},"content":{"rendered":"<h3 class=\"wp-block-heading\">Features and Benefits of Wholesale Ball Bearing Slides<\/h3>\n\n\n\n<div class=\"wp-block-columns is-layout-flex wp-container-core-columns-is-layout-9d6595d7 wp-block-columns-is-layout-flex\">\n<div class=\"wp-block-column is-layout-flow wp-block-column-is-layout-flow\">\n<p><strong>Fully extended three-section rail:<\/strong> Unique three-section rail design; the drawer can be fully pulled out as a whole. Inner space presents in all directions, and items are more convenient to take and put.<\/p>\n\n\n\n<p><strong>Super strong load-bearing capacity: <\/strong>The load-bearing is powerful, firm, and durable, able to resist the pressure of heavy objects and remain steady, without collapse, after long use.<\/p>\n\n\n\n<p><strong>Smaller and quieter:<\/strong> the solid steel column twin-superposition structure has high-abrasion-resistance buffer rubber to make the guide track smooth in operation without noisy pollution.<\/p>\n\n\n\n<p><strong>Maximize space:<\/strong> A three-section rail can be pulled arbitrarily to fully dig the space in the drawer for the effective use of space.<\/p>\n\n\n\n<p><strong>High-performance material:<\/strong> After a special treatment that enhances the internal microstructure of the metal, the significant improvement in hardness and strength would raise the quality of steel and make it more reliable.<\/p>\n\n\n\n<p><strong>Convenient and quick disassembly and assembly: <\/strong>innovative built-in connection buckle design, one-button disassembly, easy to install and disassemble, worry-free maintenance.<\/p>\n<\/div>\n\n\n\n<div class=\"wp-block-column is-layout-flow wp-block-column-is-layout-flow\">\n<figure class=\"wp-block-image size-full\"><img decoding=\"async\" width=\"800\" height=\"800\" src=\"https:\/\/www.huisohardware.com\/wp-content\/uploads\/2025\/01\/Wholesale-Ball-Bearing-Slides-3-Fold-HS4512-Regular-Style-4.webp\" alt=\"Wholesale Ball Bearing Slides 3-Fold-HS4512-Regular Style 4\" class=\"wp-image-595\" srcset=\"https:\/\/www.huisohardware.com\/wp-content\/uploads\/2025\/01\/Wholesale-Ball-Bearing-Slides-3-Fold-HS4512-Regular-Style-4.webp 800w, https:\/\/www.huisohardware.com\/wp-content\/uploads\/2025\/01\/Wholesale-Ball-Bearing-Slides-3-Fold-HS4512-Regular-Style-4-300x300.webp 300w, https:\/\/www.huisohardware.com\/wp-content\/uploads\/2025\/01\/Wholesale-Ball-Bearing-Slides-3-Fold-HS4512-Regular-Style-4-150x150.webp 150w, https:\/\/www.huisohardware.com\/wp-content\/uploads\/2025\/01\/Wholesale-Ball-Bearing-Slides-3-Fold-HS4512-Regular-Style-4-768x768.webp 768w, https:\/\/www.huisohardware.com\/wp-content\/uploads\/2025\/01\/Wholesale-Ball-Bearing-Slides-3-Fold-HS4512-Regular-Style-4-600x600.webp 600w, https:\/\/www.huisohardware.com\/wp-content\/uploads\/2025\/01\/Wholesale-Ball-Bearing-Slides-3-Fold-HS4512-Regular-Style-4-100x100.webp 100w\" sizes=\"(max-width: 800px) 100vw, 800px\" \/><\/figure>\n<\/div>\n<\/div>\n\n\n\n<figure class=\"wp-block-image size-full\"><img decoding=\"async\" width=\"1888\" height=\"894\" src=\"https:\/\/www.huisohardware.com\/wp-content\/uploads\/2025\/01\/Bulk-Drawer-Slides-with-Ball-Bearings-3-Fold-HS4512-1.webp\" alt=\"Gro\u00dfhandel Kugellager gleitet 3-Fach-HS4512-Regular Style\" class=\"wp-image-666\" srcset=\"https:\/\/www.huisohardware.com\/wp-content\/uploads\/2025\/01\/Bulk-Drawer-Slides-with-Ball-Bearings-3-Fold-HS4512-1.webp 1888w, https:\/\/www.huisohardware.com\/wp-content\/uploads\/2025\/01\/Bulk-Drawer-Slides-with-Ball-Bearings-3-Fold-HS4512-1-300x142.webp 300w, https:\/\/www.huisohardware.com\/wp-content\/uploads\/2025\/01\/Bulk-Drawer-Slides-with-Ball-Bearings-3-Fold-HS4512-1-768x364.webp 768w, https:\/\/www.huisohardware.com\/wp-content\/uploads\/2025\/01\/Bulk-Drawer-Slides-with-Ball-Bearings-3-Fold-HS4512-1-1200x568.webp 1200w, https:\/\/www.huisohardware.com\/wp-content\/uploads\/2025\/01\/Bulk-Drawer-Slides-with-Ball-Bearings-3-Fold-HS4512-1-600x284.webp 600w\" sizes=\"(max-width: 1888px) 100vw, 1888px\" \/><\/figure>","protected":false},"excerpt":{"rendered":"<p>Sehen Sie sich unsere Gro\u00dfhandels-Kugellagerschienen, 3-fach, HS4512, regul\u00e4rer Stil an! Das dreifache Design erm\u00f6glicht den vollen Auszug der Schublade. Hochwertige Kugellager sorgen f\u00fcr einen reibungslosen, leisen Betrieb. Sie sind aus speziell behandeltem Stahl gefertigt und halten schwere Lasten gut aus. Die verschlei\u00dffesten Pads sorgen f\u00fcr lange Haltbarkeit. Und die Clip-Konstruktion erleichtert die Montage und Demontage.<\/p>\n<h2>Spezifikationen f\u00fcr kugelgelagerte Schienen<\/h2>\n<table style=\"border-collapse: collapse; width: 538px; height: 309px;\" border=\"0\" width=\"535\" cellspacing=\"0\" cellpadding=\"0\">\n<tbody>\n<tr style=\"height: 17.60pt;\">\n<td class=\"et2\" style=\"height: 17.60pt; width: 182.45pt;\" width=\"182\" height=\"17\">Hersteller<\/td>\n<td class=\"et2\" style=\"width: 353.30pt;\" width=\"353\">Huiso<\/td>\n<\/tr>\n<tr style=\"height: 17.60pt;\">\n<td class=\"et2\" style=\"height: 17.60pt;\" height=\"17\">Modell Nr.<\/td>\n<td class=\"et3\">HS4512-Regular Style<\/td>\n<\/tr>\n<tr style=\"height: 23.00pt;\">\n<td class=\"et2\" style=\"height: 23.00pt;\" height=\"23\">Material<\/td>\n<td class=\"et2\">Verzinktes Stahlblech<\/td>\n<\/tr>\n<tr style=\"height: 17.60pt;\">\n<td class=\"et2\" style=\"height: 17.60pt;\" height=\"17\">Einbauverfahren<\/td>\n<td class=\"et2\">Seitlich montiert<\/td>\n<\/tr>\n<tr style=\"height: 17.60pt;\">\n<td class=\"et2\" style=\"height: 17.60pt;\" height=\"17\">Dynamische Belastbarkeit<\/td>\n<td class=\"et2\">35 kg \/ 100.000 Zyklen<\/td>\n<\/tr>\n<tr style=\"height: 17.60pt;\">\n<td class=\"et2\" style=\"height: 17.60pt;\" height=\"17\">Anwendbarer Geltungsbereich<\/td>\n<td class=\"et2\">Verschiedene Schubladen<\/td>\n<\/tr>\n<tr style=\"height: 17.60pt;\">\n<td class=\"et2\" style=\"height: 17.60pt;\" height=\"17\">Merkmal Beschreibung<\/td>\n<td class=\"et2\">Ger\u00e4uschlose D\u00e4mpfung<\/td>\n<\/tr>\n<tr style=\"height: 17.60pt;\">\n<td class=\"et2\" style=\"height: 17.60pt;\" height=\"17\">Salzspr\u00fchnebeltest<\/td>\n<td class=\"et2\">Stufe 8<\/td>\n<\/tr>\n<tr style=\"height: 17.60pt;\">\n<td class=\"et2\" style=\"height: 17.60pt;\" height=\"17\">Dicke der Seitenwand<\/td>\n<td class=\"et2\">11-16 mm<\/td>\n<\/tr>\n<tr style=\"height: 17.60pt;\">\n<td class=\"et2\" style=\"height: 17.60pt;\" height=\"17\">Produktverpackung<\/td>\n<td class=\"et2\">Zwei St\u00fcck pro Set<\/td>\n<\/tr>\n<tr style=\"height: 17.60pt;\">\n<td class=\"et2\" style=\"height: 17.60pt;\" height=\"17\">Anmeldung<\/td>\n<td class=\"et2\">Heimb\u00fcro, Wohnzimmer,<br \/>Schlafzimmer, Hotel, Villa, Wohnung<\/td>\n<\/tr>\n<\/tbody>\n<\/table>","protected":false},"featured_media":597,"comment_status":"closed","ping_status":"closed","template":"","meta":{"_acf_changed":false},"product_brand":[],"product_cat":[20],"product_tag":[],"class_list":{"0":"post-591","1":"product","2":"type-product","3":"status-publish","4":"has-post-thumbnail","6":"product_cat-drawer-slides-wholesale","8":"first","9":"instock","10":"shipping-taxable","11":"product-type-simple"},"acf":[],"_links":{"self":[{"href":"https:\/\/www.huisohardware.com\/de\/wp-json\/wp\/v2\/product\/591","targetHints":{"allow":["GET"]}}],"collection":[{"href":"https:\/\/www.huisohardware.com\/de\/wp-json\/wp\/v2\/product"}],"about":[{"href":"https:\/\/www.huisohardware.com\/de\/wp-json\/wp\/v2\/types\/product"}],"replies":[{"embeddable":true,"href":"https:\/\/www.huisohardware.com\/de\/wp-json\/wp\/v2\/comments?post=591"}],"wp:featuredmedia":[{"embeddable":true,"href":"https:\/\/www.huisohardware.com\/de\/wp-json\/wp\/v2\/media\/597"}],"wp:attachment":[{"href":"https:\/\/www.huisohardware.com\/de\/wp-json\/wp\/v2\/media?parent=591"}],"wp:term":[{"taxonomy":"product_brand","embeddable":true,"href":"https:\/\/www.huisohardware.com\/de\/wp-json\/wp\/v2\/product_brand?post=591"},{"taxonomy":"product_cat","embeddable":true,"href":"https:\/\/www.huisohardware.com\/de\/wp-json\/wp\/v2\/product_cat?post=591"},{"taxonomy":"product_tag","embeddable":true,"href":"https:\/\/www.huisohardware.com\/de\/wp-json\/wp\/v2\/product_tag?post=591"}],"curies":[{"name":"wp","href":"https:\/\/api.w.org\/{rel}","templated":true}]}}