{"id":448,"date":"2025-01-14T09:51:28","date_gmt":"2025-01-14T09:51:28","guid":{"rendered":"https:\/\/www.huisohardware.com\/?post_type=product&#038;p=448"},"modified":"2025-01-21T09:01:52","modified_gmt":"2025-01-21T09:01:52","slug":"bulk-cabinet-slow-close-hinges","status":"publish","type":"product","link":"https:\/\/www.huisohardware.com\/es\/product\/bulk-cabinet-slow-close-hinges\/","title":{"rendered":"Bisagras de cierre lento para armarios a granel Bisagra de inmersi\u00f3n en agua de \u00e1ngulo cero-H01"},"content":{"rendered":"<h3 class=\"wp-block-heading\">Features and Benefits of Bulk Cabinet Slow Close Hinges<\/h3>\n\n\n\n<div class=\"wp-block-columns is-layout-flex wp-container-core-columns-is-layout-9d6595d7 wp-block-columns-is-layout-flex\">\n<div class=\"wp-block-column is-layout-flow wp-block-column-is-layout-flow\">\n<p><strong>Quick dismantling and installation: <\/strong>one-button dismantling base design, quick-install tail buckle for convenience in installation, adjustment, and maintenance.<\/p>\n\n\n\n<p><strong>Stable and firm: <\/strong>will not shake after installation, small angle buffer design up to 10 degrees, soft and smooth closing without pinching fingers. This will efficiently avoid collision in the process of closing the door.<\/p>\n\n\n\n<p><strong>Small door gap protection: <\/strong>1.0 mm min door gap effectively prevents mosquito invasion; installation is full and compact, beautiful and generous.<\/p>\n\n\n\n<p><strong>High strength, durability:<\/strong> equipped with 6 reinforced power arms, with load-bearing as much as 60 kg, increased by 35%, after 80,000 opening and closing tests for long-term stability.<\/p>\n\n\n\n<p><strong>Silent opening and closing:<\/strong> hydraulic damping design, silent opening and closing, smooth and silent, providing users with more comfortable using experiences.<\/p>\n\n\n\n<p><strong>Anti-corrosion, anti-rust:<\/strong> fine polishing process, anti-corrosion, anti-rust, adapting to the humid environment, ensuring long-term durability.<\/p>\n\n\n\n<p><strong>It can be adapted to different door thicknesses\uff1a<\/strong> The hinge of 15-20mm thick doors is available, and the various cabinet door thickness can be easily coped with to allow more adjustment space.<\/p>\n\n\n\n<p><strong>Guarantee of High Quality:<\/strong> SGS-certified quality with a stable structure; screws made of 403 stainless steel have upgraded rust resistance and passed the 96-hour salt spray test to guarantee durability and safety.<\/p>\n<\/div>\n\n\n\n<div class=\"wp-block-column is-layout-flow wp-block-column-is-layout-flow\">\n<figure class=\"wp-block-image size-full\"><img decoding=\"async\" width=\"788\" height=\"788\" src=\"https:\/\/www.huisohardware.com\/wp-content\/uploads\/2025\/01\/Bulk-Cabinet-Slow-Close-Hinges-1.webp\" alt=\"Bulk Cabinet Slow Close Hinges 1\" class=\"wp-image-449\" srcset=\"https:\/\/www.huisohardware.com\/wp-content\/uploads\/2025\/01\/Bulk-Cabinet-Slow-Close-Hinges-1.webp 788w, https:\/\/www.huisohardware.com\/wp-content\/uploads\/2025\/01\/Bulk-Cabinet-Slow-Close-Hinges-1-300x300.webp 300w, https:\/\/www.huisohardware.com\/wp-content\/uploads\/2025\/01\/Bulk-Cabinet-Slow-Close-Hinges-1-150x150.webp 150w, https:\/\/www.huisohardware.com\/wp-content\/uploads\/2025\/01\/Bulk-Cabinet-Slow-Close-Hinges-1-768x768.webp 768w, https:\/\/www.huisohardware.com\/wp-content\/uploads\/2025\/01\/Bulk-Cabinet-Slow-Close-Hinges-1-600x600.webp 600w, https:\/\/www.huisohardware.com\/wp-content\/uploads\/2025\/01\/Bulk-Cabinet-Slow-Close-Hinges-1-100x100.webp 100w\" sizes=\"(max-width: 788px) 100vw, 788px\" \/><\/figure>\n<\/div>\n<\/div>","protected":false},"excerpt":{"rendered":"<p>Las bisagras de cierre lento para armarios a granel ofrecen un cierre silencioso y suave con amortiguaci\u00f3n hidr\u00e1ulica. Fabricadas en acero inoxidable anticorrosi\u00f3n, son duraderas, resistentes al agua y soportan hasta 60 kg, lo que garantiza un rendimiento duradero para todos los grosores de puerta de armario.<\/p>\n<h2>Especificaciones de las bisagras de cierre lento para armarios<\/h2>\n<table style=\"border-collapse: collapse; width: 388.02pt;\" border=\"0\" width=\"388\" cellspacing=\"0\" cellpadding=\"0\">\n<tbody>\n<tr style=\"height: 17.60pt;\">\n<td class=\"et2\" style=\"height: 17.60pt; width: 205.00pt;\" width=\"205\" height=\"17\">Fabricante<\/td>\n<td class=\"et2\" style=\"width: 183.30pt;\" width=\"183\">Huiso<\/td>\n<\/tr>\n<tr style=\"height: 17.60pt;\">\n<td class=\"et2\" style=\"height: 17.60pt;\" height=\"17\">N\u00ba de modelo<\/td>\n<td class=\"et3\">H01<\/td>\n<\/tr>\n<tr style=\"height: 18.00pt;\">\n<td class=\"et2\" style=\"height: 18.00pt;\" height=\"18\">Material<\/td>\n<td class=\"et2\">Acero inoxidable 201+403<\/td>\n<\/tr>\n<tr style=\"height: 17.60pt;\">\n<td class=\"et2\" style=\"height: 17.60pt;\" height=\"17\">M\u00e9todo de instalaci\u00f3n<\/td>\n<td class=\"et3\">Instalaci\u00f3n r\u00e1pida<\/td>\n<\/tr>\n<tr style=\"height: 17.60pt;\">\n<td class=\"et2\" style=\"height: 17.60pt;\" height=\"17\">Tratamiento de superficies<\/td>\n<td class=\"et3\">Pulido fino<\/td>\n<\/tr>\n<tr style=\"height: 17.60pt;\">\n<td class=\"et2\" style=\"height: 17.60pt;\" height=\"17\">\u00c1ngulo de apertura<\/td>\n<td class=\"et3\">45\u00b0~105\u00b0<\/td>\n<\/tr>\n<tr style=\"height: 17.60pt;\">\n<td class=\"et2\" style=\"height: 17.60pt;\" height=\"17\">Espesor de la puerta<\/td>\n<td class=\"et2\">15-20 mm<\/td>\n<\/tr>\n<tr style=\"height: 17.60pt;\">\n<td class=\"et2\" style=\"height: 17.60pt;\" height=\"17\">Experiencia inaugural<\/td>\n<td class=\"et3\">Amortiguaci\u00f3n<\/td>\n<\/tr>\n<\/tbody>\n<\/table>","protected":false},"featured_media":450,"comment_status":"closed","ping_status":"closed","template":"","meta":{"_acf_changed":false},"product_brand":[],"product_cat":[19],"product_tag":[24],"class_list":{"0":"post-448","1":"product","2":"type-product","3":"status-publish","4":"has-post-thumbnail","6":"product_cat-cabinet-hinges-wholesale","7":"product_tag-stainless-steel-hinges-wholesale","9":"first","10":"instock","11":"shipping-taxable","12":"product-type-simple"},"acf":[],"_links":{"self":[{"href":"https:\/\/www.huisohardware.com\/es\/wp-json\/wp\/v2\/product\/448","targetHints":{"allow":["GET"]}}],"collection":[{"href":"https:\/\/www.huisohardware.com\/es\/wp-json\/wp\/v2\/product"}],"about":[{"href":"https:\/\/www.huisohardware.com\/es\/wp-json\/wp\/v2\/types\/product"}],"replies":[{"embeddable":true,"href":"https:\/\/www.huisohardware.com\/es\/wp-json\/wp\/v2\/comments?post=448"}],"wp:featuredmedia":[{"embeddable":true,"href":"https:\/\/www.huisohardware.com\/es\/wp-json\/wp\/v2\/media\/450"}],"wp:attachment":[{"href":"https:\/\/www.huisohardware.com\/es\/wp-json\/wp\/v2\/media?parent=448"}],"wp:term":[{"taxonomy":"product_brand","embeddable":true,"href":"https:\/\/www.huisohardware.com\/es\/wp-json\/wp\/v2\/product_brand?post=448"},{"taxonomy":"product_cat","embeddable":true,"href":"https:\/\/www.huisohardware.com\/es\/wp-json\/wp\/v2\/product_cat?post=448"},{"taxonomy":"product_tag","embeddable":true,"href":"https:\/\/www.huisohardware.com\/es\/wp-json\/wp\/v2\/product_tag?post=448"}],"curies":[{"name":"wp","href":"https:\/\/api.w.org\/{rel}","templated":true}]}}