{"id":578,"date":"2025-01-17T06:23:02","date_gmt":"2025-01-17T06:23:02","guid":{"rendered":"https:\/\/www.huisohardware.com\/?post_type=product&#038;p=578"},"modified":"2025-01-21T09:05:03","modified_gmt":"2025-01-21T09:05:03","slug":"custom-display-case-hinges","status":"publish","type":"product","link":"https:\/\/www.huisohardware.com\/fr\/product\/custom-display-case-hinges\/","title":{"rendered":"Charni\u00e8res de vitrine sur mesure Charni\u00e8re \u00e0 angle z\u00e9ro triple force-HT5-H"},"content":{"rendered":"<h3 class=\"wp-block-heading\">Features and Benefits of Custom Display Case Hinges<\/h3>\n\n\n\n<div class=\"wp-block-columns is-layout-flex wp-container-core-columns-is-layout-9d6595d7 wp-block-columns-is-layout-flex\">\n<div class=\"wp-block-column is-layout-flow wp-block-column-is-layout-flow\">\n<p><strong>Small angle buffer, anti-pinch safety design:<\/strong> unique 10-degree small angle buffer technology makes the door body close softly to avoid pinching and increase safety, reducing the risk of an accident.<\/p>\n\n\n\n<p><strong>Minimum door gap effectively prevents mosquitoes:<\/strong> the design of a minimum 1.0mm door gap not only can make the door body fit more tightly but also effectively prevents small insects like mosquitoes from breaking into the room, keeping it beautiful and practical.<\/p>\n\n\n\n<p><strong>Durable structure, stable opening, and closing: <\/strong>In conjunction with the six reinforced power arms and hydraulic buffer technology, after over 10,000 opening and closing tests, it keeps the door body stable and smooth in long-term use, durable, and reliable.<\/p>\n\n\n\n<p><strong>Widely adaptable, flexible adjustment: <\/strong>Equipped with a large adjustment quantity, suitable for 16-23 mm door body thickness, to meet the needs of different cabinet doors, easier installation, and easy adjustment to achieve precise installation.<\/p>\n\n\n\n<p><strong>Reverse damper, silent and smooth closing\uff1a<\/strong> Equipped with reverse press-in damper and core upgrade, ensuring that the door body closes evenly and smoothly, reduces noise, easy and silent switch operation, and improves user experience.<\/p>\n<\/div>\n\n\n\n<div class=\"wp-block-column is-layout-flow wp-block-column-is-layout-flow\">\n<figure class=\"wp-block-image size-full\"><img decoding=\"async\" width=\"800\" height=\"800\" src=\"https:\/\/www.huisohardware.com\/wp-content\/uploads\/2025\/01\/Custom-Display-Case-Hinges-2.webp\" alt=\"Custom Display Case Hinges 2\" class=\"wp-image-580\" srcset=\"https:\/\/www.huisohardware.com\/wp-content\/uploads\/2025\/01\/Custom-Display-Case-Hinges-2.webp 800w, https:\/\/www.huisohardware.com\/wp-content\/uploads\/2025\/01\/Custom-Display-Case-Hinges-2-300x300.webp 300w, https:\/\/www.huisohardware.com\/wp-content\/uploads\/2025\/01\/Custom-Display-Case-Hinges-2-150x150.webp 150w, https:\/\/www.huisohardware.com\/wp-content\/uploads\/2025\/01\/Custom-Display-Case-Hinges-2-768x768.webp 768w, https:\/\/www.huisohardware.com\/wp-content\/uploads\/2025\/01\/Custom-Display-Case-Hinges-2-600x600.webp 600w, https:\/\/www.huisohardware.com\/wp-content\/uploads\/2025\/01\/Custom-Display-Case-Hinges-2-100x100.webp 100w\" sizes=\"(max-width: 800px) 100vw, 800px\" \/><\/figure>\n<\/div>\n<\/div>","protected":false},"excerpt":{"rendered":"<p>Les charni\u00e8res de vitrine sur mesure offrent une fermeture souple et silencieuse gr\u00e2ce \u00e0 l'amortissement hydraulique et \u00e0 l'amortissement invers\u00e9. Compatibles avec les portes de 16 \u00e0 23 mm, elles garantissent la durabilit\u00e9, la facilit\u00e9 de r\u00e9glage et des performances durables.<\/p>\n<h2>Sp\u00e9cifications des charni\u00e8res \u00e0 fermeture silencieuse<\/h2>\n<table style=\"border-collapse: collapse; width: 411.02pt;\" border=\"0\" width=\"411\" cellspacing=\"0\" cellpadding=\"0\">\n<tbody>\n<tr style=\"height: 17.60pt;\">\n<td class=\"et2\" style=\"height: 17.60pt; width: 205.00pt;\" width=\"205\" height=\"17\">Fabricant<\/td>\n<td class=\"et2\" style=\"width: 206.60pt;\" width=\"206\">Huiso<\/td>\n<\/tr>\n<tr style=\"height: 17.60pt;\">\n<td class=\"et2\" style=\"height: 17.60pt;\" height=\"17\">Num\u00e9ro de mod\u00e8le<\/td>\n<td class=\"et3\">HT5-H<\/td>\n<\/tr>\n<tr style=\"height: 18.00pt;\">\n<td class=\"et2\" style=\"height: 18.00pt;\" height=\"18\">Mat\u00e9riau<\/td>\n<td class=\"et2\">Acier lamin\u00e9 \u00e0 froid<\/td>\n<\/tr>\n<tr style=\"height: 17.60pt;\">\n<td class=\"et2\" style=\"height: 17.60pt;\" height=\"17\">M\u00e9thode d'installation<\/td>\n<td class=\"et3\">Installation fixe<\/td>\n<\/tr>\n<tr style=\"height: 41.00pt;\">\n<td class=\"et2\" style=\"height: 41.00pt;\" height=\"41\">Traitement de surface<\/td>\n<td class=\"et4\" style=\"width: 206.60pt;\" width=\"206\">Base de cuivre + alliage de nickel + titane + huile antirouille<\/td>\n<\/tr>\n<tr style=\"height: 17.60pt;\">\n<td class=\"et2\" style=\"height: 17.60pt;\" height=\"17\">Angle d'ouverture<\/td>\n<td class=\"et3\">45\u00b0~105\u00b0<\/td>\n<\/tr>\n<tr style=\"height: 17.60pt;\">\n<td class=\"et2\" style=\"height: 17.60pt;\" height=\"17\">\u00c9paisseur de la porte<\/td>\n<td class=\"et2\">16-23mm<\/td>\n<\/tr>\n<tr style=\"height: 17.60pt;\">\n<td class=\"et2\" style=\"height: 17.60pt;\" height=\"17\">Ouverture de l'exp\u00e9rience<\/td>\n<td class=\"et2\">Tampon d'amortissement de la force \u00e0 trois \u00e9tages<\/td>\n<\/tr>\n<\/tbody>\n<\/table>","protected":false},"featured_media":583,"comment_status":"closed","ping_status":"closed","template":"","meta":{"_acf_changed":false},"product_brand":[],"product_cat":[18],"product_tag":[25],"class_list":{"0":"post-578","1":"product","2":"type-product","3":"status-publish","4":"has-post-thumbnail","6":"product_cat-furniture-hinges-wholesale","7":"product_tag-iron-hinge-wholesale","9":"first","10":"instock","11":"shipping-taxable","12":"product-type-simple"},"acf":[],"_links":{"self":[{"href":"https:\/\/www.huisohardware.com\/fr\/wp-json\/wp\/v2\/product\/578","targetHints":{"allow":["GET"]}}],"collection":[{"href":"https:\/\/www.huisohardware.com\/fr\/wp-json\/wp\/v2\/product"}],"about":[{"href":"https:\/\/www.huisohardware.com\/fr\/wp-json\/wp\/v2\/types\/product"}],"replies":[{"embeddable":true,"href":"https:\/\/www.huisohardware.com\/fr\/wp-json\/wp\/v2\/comments?post=578"}],"wp:featuredmedia":[{"embeddable":true,"href":"https:\/\/www.huisohardware.com\/fr\/wp-json\/wp\/v2\/media\/583"}],"wp:attachment":[{"href":"https:\/\/www.huisohardware.com\/fr\/wp-json\/wp\/v2\/media?parent=578"}],"wp:term":[{"taxonomy":"product_brand","embeddable":true,"href":"https:\/\/www.huisohardware.com\/fr\/wp-json\/wp\/v2\/product_brand?post=578"},{"taxonomy":"product_cat","embeddable":true,"href":"https:\/\/www.huisohardware.com\/fr\/wp-json\/wp\/v2\/product_cat?post=578"},{"taxonomy":"product_tag","embeddable":true,"href":"https:\/\/www.huisohardware.com\/fr\/wp-json\/wp\/v2\/product_tag?post=578"}],"curies":[{"name":"wp","href":"https:\/\/api.w.org\/{rel}","templated":true}]}}