{"id":584,"date":"2025-01-17T08:13:42","date_gmt":"2025-01-17T08:13:42","guid":{"rendered":"https:\/\/www.huisohardware.com\/?post_type=product&#038;p=584"},"modified":"2025-01-17T08:28:35","modified_gmt":"2025-01-17T08:28:35","slug":"wholesale-door-hinges","status":"publish","type":"product","link":"https:\/\/www.huisohardware.com\/fr\/product\/wholesale-door-hinges\/","title":{"rendered":"Wholesale Door Hinges Suitable for Aluminum Frame Doors (Charni\u00e8res de porte pour portes \u00e0 cadre en aluminium)"},"content":{"rendered":"<h3 class=\"wp-block-heading\">Features and Benefits of Wholesale Door Hinges<\/h3>\n\n\n\n<div class=\"wp-block-columns is-layout-flex wp-container-core-columns-is-layout-9d6595d7 wp-block-columns-is-layout-flex\">\n<div class=\"wp-block-column is-layout-flow wp-block-column-is-layout-flow\">\n<p><strong>Excellent buffer protection: <\/strong>The small-angle buffer function allows it to softly shut and effectively avoid pinching fingers. Besides, it can avoid collision when the doors shut, thus offering protection in an all-around way for safety.<\/p>\n\n\n\n<p><strong>High-quality material guarantee: <\/strong>Fitted with built-in reverse damping, imported POM material, a multilayer galvanizing process, a steady buffer, smooth closing, and reliable quality.<\/p>\n\n\n\n<p><strong>Excellent dust and insect prevention: <\/strong>The small gap design can effectively prevent dust and mosquitoes from entering, keeping the interior of the cabinet clean.<\/p>\n\n\n\n<p><strong>It&#8217;s both beautiful and practical:<\/strong> It fits with the cabinet body tightly, while the beauty of the design could also realize a multi-angle free hovering, make smooth and silent opening and closing, and highly enhance the user experience.<\/p>\n\n\n\n<p><strong>Extra-long service life: <\/strong>the opening and closing operation for the cabinet door can be completed 80,000 times without damage, which means its useful life can last for over 50 years.<\/p>\n<\/div>\n\n\n\n<div class=\"wp-block-column is-layout-flow wp-block-column-is-layout-flow\">\n<figure class=\"wp-block-image size-full\"><img decoding=\"async\" width=\"800\" height=\"800\" src=\"https:\/\/www.huisohardware.com\/wp-content\/uploads\/2025\/01\/Wholesale-Door-Hinges-Suitable-for-Aluminum-Frame-Doors-4.webp\" alt=\"Wholesale Door Hinges Suitable for Aluminum Frame Doors 4\" class=\"wp-image-588\" srcset=\"https:\/\/www.huisohardware.com\/wp-content\/uploads\/2025\/01\/Wholesale-Door-Hinges-Suitable-for-Aluminum-Frame-Doors-4.webp 800w, https:\/\/www.huisohardware.com\/wp-content\/uploads\/2025\/01\/Wholesale-Door-Hinges-Suitable-for-Aluminum-Frame-Doors-4-300x300.webp 300w, https:\/\/www.huisohardware.com\/wp-content\/uploads\/2025\/01\/Wholesale-Door-Hinges-Suitable-for-Aluminum-Frame-Doors-4-150x150.webp 150w, https:\/\/www.huisohardware.com\/wp-content\/uploads\/2025\/01\/Wholesale-Door-Hinges-Suitable-for-Aluminum-Frame-Doors-4-768x768.webp 768w, https:\/\/www.huisohardware.com\/wp-content\/uploads\/2025\/01\/Wholesale-Door-Hinges-Suitable-for-Aluminum-Frame-Doors-4-600x600.webp 600w, https:\/\/www.huisohardware.com\/wp-content\/uploads\/2025\/01\/Wholesale-Door-Hinges-Suitable-for-Aluminum-Frame-Doors-4-100x100.webp 100w\" sizes=\"(max-width: 800px) 100vw, 800px\" \/><\/figure>\n<\/div>\n<\/div>","protected":false},"excerpt":{"rendered":"<p>Nos charni\u00e8res de porte en gros convenant aux portes \u00e0 cadre en aluminium sont votre choix id\u00e9al. Elles combinent une technologie de tampon avanc\u00e9e, des mat\u00e9riaux import\u00e9s de haute qualit\u00e9 et un savoir-faire exquis, ce qui vous apporte non seulement une exp\u00e9rience d'utilisation s\u00fbre et silencieuse, mais aussi d'excellentes performances anti-poussi\u00e8re et anti-insectes, belles et pratiques.<\/p>\n<h2>Sp\u00e9cifications des charni\u00e8res de porte en gros<\/h2>\n<table style=\"border-collapse: collapse; width: 411.02pt;\" border=\"0\" width=\"411\" cellspacing=\"0\" cellpadding=\"0\">\n<tbody>\n<tr style=\"height: 17.60pt;\">\n<td class=\"et2\" style=\"height: 17.60pt; width: 205.00pt;\" width=\"205\" height=\"17\">Fabricant<\/td>\n<td class=\"et2\" style=\"width: 206.60pt;\" width=\"206\">Huiso<\/td>\n<\/tr>\n<tr style=\"height: 17.60pt;\">\n<td class=\"et2\" style=\"height: 17.60pt;\" height=\"17\">Num\u00e9ro de mod\u00e8le<\/td>\n<td class=\"et3\">HT5-H<\/td>\n<\/tr>\n<tr style=\"height: 18.00pt;\">\n<td class=\"et2\" style=\"height: 18.00pt;\" height=\"18\">Mat\u00e9riau<\/td>\n<td class=\"et2\">Acier lamin\u00e9 \u00e0 froid<\/td>\n<\/tr>\n<tr style=\"height: 17.60pt;\">\n<td class=\"et2\" style=\"height: 17.60pt;\" height=\"17\">M\u00e9thode d'installation<\/td>\n<td class=\"et3\">Installation fixe<\/td>\n<\/tr>\n<tr style=\"height: 41.00pt;\">\n<td class=\"et2\" style=\"height: 41.00pt;\" height=\"41\">Traitement de surface<\/td>\n<td class=\"et4\" style=\"width: 206.60pt;\" width=\"206\">Base de cuivre + alliage de nickel + titane + huile antirouille<\/td>\n<\/tr>\n<tr style=\"height: 17.60pt;\">\n<td class=\"et2\" style=\"height: 17.60pt;\" height=\"17\">Angle d'ouverture<\/td>\n<td class=\"et3\">45\u00b0~105\u00b0<\/td>\n<\/tr>\n<tr style=\"height: 17.60pt;\">\n<td class=\"et2\" style=\"height: 17.60pt;\" height=\"17\">\u00c9paisseur de la porte<\/td>\n<td class=\"et2\">16-23mm<\/td>\n<\/tr>\n<tr style=\"height: 17.60pt;\">\n<td class=\"et2\" style=\"height: 17.60pt;\" height=\"17\">Ouverture de l'exp\u00e9rience<\/td>\n<td class=\"et2\">Tampon d'amortissement de la force \u00e0 trois \u00e9tages<\/td>\n<\/tr>\n<\/tbody>\n<\/table>","protected":false},"featured_media":585,"comment_status":"closed","ping_status":"closed","template":"","meta":{"_acf_changed":false},"product_brand":[],"product_cat":[18],"product_tag":[],"class_list":{"0":"post-584","1":"product","2":"type-product","3":"status-publish","4":"has-post-thumbnail","6":"product_cat-furniture-hinges-wholesale","8":"first","9":"instock","10":"shipping-taxable","11":"product-type-simple"},"acf":[],"_links":{"self":[{"href":"https:\/\/www.huisohardware.com\/fr\/wp-json\/wp\/v2\/product\/584","targetHints":{"allow":["GET"]}}],"collection":[{"href":"https:\/\/www.huisohardware.com\/fr\/wp-json\/wp\/v2\/product"}],"about":[{"href":"https:\/\/www.huisohardware.com\/fr\/wp-json\/wp\/v2\/types\/product"}],"replies":[{"embeddable":true,"href":"https:\/\/www.huisohardware.com\/fr\/wp-json\/wp\/v2\/comments?post=584"}],"wp:featuredmedia":[{"embeddable":true,"href":"https:\/\/www.huisohardware.com\/fr\/wp-json\/wp\/v2\/media\/585"}],"wp:attachment":[{"href":"https:\/\/www.huisohardware.com\/fr\/wp-json\/wp\/v2\/media?parent=584"}],"wp:term":[{"taxonomy":"product_brand","embeddable":true,"href":"https:\/\/www.huisohardware.com\/fr\/wp-json\/wp\/v2\/product_brand?post=584"},{"taxonomy":"product_cat","embeddable":true,"href":"https:\/\/www.huisohardware.com\/fr\/wp-json\/wp\/v2\/product_cat?post=584"},{"taxonomy":"product_tag","embeddable":true,"href":"https:\/\/www.huisohardware.com\/fr\/wp-json\/wp\/v2\/product_tag?post=584"}],"curies":[{"name":"wp","href":"https:\/\/api.w.org\/{rel}","templated":true}]}}