{"id":605,"date":"2025-01-17T13:03:32","date_gmt":"2025-01-17T13:03:32","guid":{"rendered":"https:\/\/www.huisohardware.com\/?post_type=product&#038;p=605"},"modified":"2025-01-21T09:06:35","modified_gmt":"2025-01-21T09:06:35","slug":"custom-push-to-open-latches","status":"publish","type":"product","link":"https:\/\/www.huisohardware.com\/fr\/product\/custom-push-to-open-latches\/","title":{"rendered":"Loquets \u00e0 ouverture par pouss\u00e9e personnalis\u00e9s Rebondisseur pour v\u00e9hicules \u00e0 moteur-HD1"},"content":{"rendered":"<h3 class=\"wp-block-heading\">Features and Benefits of Custom Push to Open Latches<\/h3>\n\n\n\n<div class=\"wp-block-columns is-layout-flex wp-container-core-columns-is-layout-9d6595d7 wp-block-columns-is-layout-flex\">\n<div class=\"wp-block-column is-layout-flow wp-block-column-is-layout-flow\">\n<p><strong>Appearance design:<\/strong> The appearance design of modern trains is integrated with the whole shape, beautiful and dynamic, which will improve the visual effect of the product and meet the needs of decoration in different spaces.<\/p>\n\n\n\n<p><strong>Touch to open\/tap to close:<\/strong> It is convenient for users to operate and open or close the door leaf by using the operation mode. This improves user experience and makes operation easier.<\/p>\n\n\n\n<p><strong>Wave tail adjustment wheel adjustable door gap size: <\/strong>Through adjusting the tail adjustment wheel, accurately adjust the size of the door gap within the range of 5 mm front and back to avoid large or small door gaps for sealing and aesthetic purposes.<\/p>\n\n\n\n<p><strong>Time- and labor-efficient installation: <\/strong>Because of the simple installation design, the users only need to use two screws to complete the installation. This saves time in installation and makes it convenient for personal quick installation.<\/p>\n\n\n\n<p><strong>Thickened material for more stability when opening the door: <\/strong>the body of a door is made of thickened material, enhancing stability and strength, effectively avoiding shaking when opening or closing a door to ensure long-time stable use.<\/p>\n\n\n\n<p><strong>Built-in 18N lock-type rebounder:<\/strong> The built-in design of the rebounder can effectively avoid the dislocation and falling off of the door body. Even the cabinet door with a height of 3 meters can be used stably, and the safety and stability of the door body are improved.<\/p>\n<\/div>\n\n\n\n<div class=\"wp-block-column is-layout-flow wp-block-column-is-layout-flow\">\n<figure class=\"wp-block-image size-full\"><img decoding=\"async\" width=\"800\" height=\"800\" src=\"https:\/\/www.huisohardware.com\/wp-content\/uploads\/2025\/01\/Custom-Push-to-Open-Latches-Motor-Vehicle-Rebounder-HD1-4.webp\" alt=\"Custom Push to Open Latches Motor Vehicle Rebounder-HD1 4\" class=\"wp-image-614\" srcset=\"https:\/\/www.huisohardware.com\/wp-content\/uploads\/2025\/01\/Custom-Push-to-Open-Latches-Motor-Vehicle-Rebounder-HD1-4.webp 800w, https:\/\/www.huisohardware.com\/wp-content\/uploads\/2025\/01\/Custom-Push-to-Open-Latches-Motor-Vehicle-Rebounder-HD1-4-300x300.webp 300w, https:\/\/www.huisohardware.com\/wp-content\/uploads\/2025\/01\/Custom-Push-to-Open-Latches-Motor-Vehicle-Rebounder-HD1-4-150x150.webp 150w, https:\/\/www.huisohardware.com\/wp-content\/uploads\/2025\/01\/Custom-Push-to-Open-Latches-Motor-Vehicle-Rebounder-HD1-4-768x768.webp 768w, https:\/\/www.huisohardware.com\/wp-content\/uploads\/2025\/01\/Custom-Push-to-Open-Latches-Motor-Vehicle-Rebounder-HD1-4-600x600.webp 600w, https:\/\/www.huisohardware.com\/wp-content\/uploads\/2025\/01\/Custom-Push-to-Open-Latches-Motor-Vehicle-Rebounder-HD1-4-100x100.webp 100w\" sizes=\"(max-width: 800px) 100vw, 800px\" \/><\/figure>\n<\/div>\n<\/div>","protected":false},"excerpt":{"rendered":"<p>Nos loquets \u00e0 ouverture par pouss\u00e9e sur mesure facilitent l'utilisation des portes gr\u00e2ce \u00e0 une conception simple de pouss\u00e9e \u00e0 ouverture. Le rebondisseur int\u00e9gr\u00e9 pour v\u00e9hicules motoris\u00e9s maintient les portes stables et emp\u00eache tout d\u00e9salignement. Faciles \u00e0 installer avec seulement deux vis, ils am\u00e9liorent \u00e0 la fois la fonctionnalit\u00e9 et l'esth\u00e9tique.<\/p>\n<h2>Sp\u00e9cifications des loquets \u00e0 ouverture par pouss\u00e9e<\/h2>\n<table width=\"386\">\n<tbody>\n<tr>\n<td width=\"183\">Fabricant<\/td>\n<td width=\"203\">Huiso<\/td>\n<\/tr>\n<tr>\n<td>Num\u00e9ro de mod\u00e8le<\/td>\n<td>HD1<\/td>\n<\/tr>\n<tr>\n<td>Mat\u00e9riau<\/td>\n<td>POM<\/td>\n<\/tr>\n<tr>\n<td>M\u00e9thode d'ouverture et de fermeture<\/td>\n<td>Toucher pour ouvrir, appuyer pour fermer<\/td>\n<\/tr>\n<tr>\n<td>Force d'\u00e9jection\u00a0<\/td>\n<td>18N<\/td>\n<\/tr>\n<tr>\n<td>Champ d'application<\/td>\n<td>0-8mm<\/td>\n<\/tr>\n<tr>\n<td>Couleur<\/td>\n<td>Bleu + vert<\/td>\n<\/tr>\n<tr>\n<td>Snap Force<\/td>\n<td>25N<\/td>\n<\/tr>\n<tr>\n<td>Distance du pop-up<\/td>\n<td>30-36mm<\/td>\n<\/tr>\n<\/tbody>\n<\/table>","protected":false},"featured_media":617,"comment_status":"closed","ping_status":"closed","template":"","meta":{"_acf_changed":false},"product_brand":[],"product_cat":[23],"product_tag":[],"class_list":{"0":"post-605","1":"product","2":"type-product","3":"status-publish","4":"has-post-thumbnail","6":"product_cat-push-to-open-latches-wholesale","8":"first","9":"instock","10":"shipping-taxable","11":"product-type-simple"},"acf":[],"_links":{"self":[{"href":"https:\/\/www.huisohardware.com\/fr\/wp-json\/wp\/v2\/product\/605","targetHints":{"allow":["GET"]}}],"collection":[{"href":"https:\/\/www.huisohardware.com\/fr\/wp-json\/wp\/v2\/product"}],"about":[{"href":"https:\/\/www.huisohardware.com\/fr\/wp-json\/wp\/v2\/types\/product"}],"replies":[{"embeddable":true,"href":"https:\/\/www.huisohardware.com\/fr\/wp-json\/wp\/v2\/comments?post=605"}],"wp:featuredmedia":[{"embeddable":true,"href":"https:\/\/www.huisohardware.com\/fr\/wp-json\/wp\/v2\/media\/617"}],"wp:attachment":[{"href":"https:\/\/www.huisohardware.com\/fr\/wp-json\/wp\/v2\/media?parent=605"}],"wp:term":[{"taxonomy":"product_brand","embeddable":true,"href":"https:\/\/www.huisohardware.com\/fr\/wp-json\/wp\/v2\/product_brand?post=605"},{"taxonomy":"product_cat","embeddable":true,"href":"https:\/\/www.huisohardware.com\/fr\/wp-json\/wp\/v2\/product_cat?post=605"},{"taxonomy":"product_tag","embeddable":true,"href":"https:\/\/www.huisohardware.com\/fr\/wp-json\/wp\/v2\/product_tag?post=605"}],"curies":[{"name":"wp","href":"https:\/\/api.w.org\/{rel}","templated":true}]}}